{"id":1529,"date":"2019-06-13T16:40:02","date_gmt":"2019-06-13T15:40:02","guid":{"rendered":"http:\/\/www.ballon.cz\/?page_id=1529"},"modified":"2024-07-18T14:30:59","modified_gmt":"2024-07-18T13:30:59","slug":"domu","status":"publish","type":"page","link":"https:\/\/www.ballon.cz\/","title":{"rendered":"Dom\u016f"},"content":{"rendered":"\n<div class=\"wp-block-group alignfull\"><div class=\"wp-block-group__inner-container is-layout-constrained wp-block-group-is-layout-constrained\">\n<div class=\"wp-block-cover alignfull\"><span aria-hidden=\"true\" class=\"wp-block-cover__background has-background-dim\"><\/span><img loading=\"lazy\" decoding=\"async\" width=\"2000\" height=\"750\" class=\"wp-block-cover__image-background wp-image-1564\" alt=\"\" src=\"http:\/\/www.ballon.cz\/wp-content\/uploads\/2024\/01\/elektrarna-1.jpg\" data-object-fit=\"cover\" srcset=\"https:\/\/www.ballon.cz\/wp-content\/uploads\/2024\/01\/elektrarna-1.jpg 2000w, https:\/\/www.ballon.cz\/wp-content\/uploads\/2024\/01\/elektrarna-1-300x113.jpg 300w, https:\/\/www.ballon.cz\/wp-content\/uploads\/2024\/01\/elektrarna-1-1024x384.jpg 1024w, https:\/\/www.ballon.cz\/wp-content\/uploads\/2024\/01\/elektrarna-1-768x288.jpg 768w, https:\/\/www.ballon.cz\/wp-content\/uploads\/2024\/01\/elektrarna-1-1536x576.jpg 1536w\" sizes=\"(max-width: 2000px) 100vw, 2000px\" \/><div class=\"wp-block-cover__inner-container is-layout-flow wp-block-cover-is-layout-flow\">\n<h2 class=\"wp-block-heading has-text-align-center has-large-font-size\">Vakuov\u00e9 technologie<\/h2>\n\n\n\n<h2 class=\"wp-block-heading has-text-align-center has-large-font-size\">Vysokonap\u011b\u0165ov\u00e9 zdroje<\/h2>\n\n\n\n<h2 class=\"wp-block-heading has-text-align-center has-large-font-size\">\u010c\u00e1ste\u010dn\u00e9 v\u00fdboje<\/h2>\n<\/div><\/div>\n<\/div><\/div>\n\n\n\n<div style=\"height:32px\" aria-hidden=\"true\" class=\"wp-block-spacer\"><\/div>\n\n\n\n<h2 class=\"wp-block-heading\">Produkty a slu\u017eby<\/h2>\n\n\n\n<h3 class=\"wp-block-heading\">Vysokonap\u011b\u0165ov\u00e9 (rezonan\u010dn\u00ed) zdroje<\/h3>\n\n\n\n<h3 class=\"wp-block-heading\">Vakuotlakov\u00e9 impregnace<\/h3>\n\n\n\n<h3 class=\"wp-block-heading\">M\u011b\u0159en\u00ed \u010d\u00e1ste\u010dn\u00fdch v\u00fdboj\u016f<\/h3>\n\n\n\n<h3 class=\"wp-block-heading\">R\u00e1zov\u00e9 gener\u00e1tory<\/h3>\n\n\n\n<h3 class=\"wp-block-heading\">DC a LFH oh\u0159evy vinut\u00ed<\/h3>\n\n\n\n<div style=\"height:70px\" aria-hidden=\"true\" class=\"wp-block-spacer\"><\/div>\n\n\n\n<h4 class=\"wp-block-heading has-text-align-center\">Na na\u0161em trhu jsme certifikovan\u00ed z\u00e1stupci firmy Phenix Technologies.<\/h4>\n\n\n\n<div style=\"height:12px\" aria-hidden=\"true\" class=\"wp-block-spacer\"><\/div>\n\n\n<div class=\"wp-block-image\">\n<figure class=\"aligncenter size-full is-resized\"><img loading=\"lazy\" decoding=\"async\" width=\"600\" height=\"111\" src=\"http:\/\/www.ballon.cz\/wp-content\/uploads\/2024\/01\/Phenix_Doble.webp\" alt=\"\" class=\"wp-image-1571\" style=\"width:427px;height:auto\" srcset=\"https:\/\/www.ballon.cz\/wp-content\/uploads\/2024\/01\/Phenix_Doble.webp 600w, https:\/\/www.ballon.cz\/wp-content\/uploads\/2024\/01\/Phenix_Doble-300x56.webp 300w\" sizes=\"(max-width: 600px) 100vw, 600px\" \/><\/figure><\/div>\n\n\n<div style=\"height:12px\" aria-hidden=\"true\" class=\"wp-block-spacer\"><\/div>\n\n\n\n<div style=\"height:31px\" aria-hidden=\"true\" class=\"wp-block-spacer\"><\/div>\n\n\n\n<h2 class=\"wp-block-heading has-text-align-center\">Galerie<\/h2>\n\n\n\n<div style=\"height:20px\" aria-hidden=\"true\" class=\"wp-block-spacer\"><\/div>\n\n\n\n<figure class=\"wp-block-gallery has-nested-images columns-4 is-cropped wp-block-gallery-1 is-layout-flex wp-block-gallery-is-layout-flex\">\n<figure class=\"wp-block-image size-large\"><img loading=\"lazy\" decoding=\"async\" width=\"1024\" height=\"768\" data-id=\"1576\" src=\"https:\/\/www.ballon.cz\/wp-content\/uploads\/2024\/01\/mereni-Elektrarna-Dlouhe-strane-1024x768.jpg\" alt=\"\" class=\"wp-image-1576\" srcset=\"https:\/\/www.ballon.cz\/wp-content\/uploads\/2024\/01\/mereni-Elektrarna-Dlouhe-strane-1024x768.jpg 1024w, https:\/\/www.ballon.cz\/wp-content\/uploads\/2024\/01\/mereni-Elektrarna-Dlouhe-strane-300x225.jpg 300w, https:\/\/www.ballon.cz\/wp-content\/uploads\/2024\/01\/mereni-Elektrarna-Dlouhe-strane-768x576.jpg 768w, https:\/\/www.ballon.cz\/wp-content\/uploads\/2024\/01\/mereni-Elektrarna-Dlouhe-strane.jpg 1200w\" sizes=\"(max-width: 1024px) 100vw, 1024px\" \/><\/figure>\n\n\n\n<figure class=\"wp-block-image size-large\"><img loading=\"lazy\" decoding=\"async\" width=\"768\" height=\"1024\" data-id=\"1583\" src=\"https:\/\/www.ballon.cz\/wp-content\/uploads\/2024\/01\/mereni-castecnych-vyboju-768x1024.jpg\" alt=\"\" class=\"wp-image-1583\" srcset=\"https:\/\/www.ballon.cz\/wp-content\/uploads\/2024\/01\/mereni-castecnych-vyboju-768x1024.jpg 768w, https:\/\/www.ballon.cz\/wp-content\/uploads\/2024\/01\/mereni-castecnych-vyboju-225x300.jpg 225w, https:\/\/www.ballon.cz\/wp-content\/uploads\/2024\/01\/mereni-castecnych-vyboju.jpg 900w\" sizes=\"(max-width: 768px) 100vw, 768px\" \/><\/figure>\n\n\n\n<figure class=\"wp-block-image size-large\"><img loading=\"lazy\" decoding=\"async\" width=\"1024\" height=\"768\" data-id=\"1585\" src=\"https:\/\/www.ballon.cz\/wp-content\/uploads\/2024\/01\/doprava-1024x768.jpg\" alt=\"\" class=\"wp-image-1585\" srcset=\"https:\/\/www.ballon.cz\/wp-content\/uploads\/2024\/01\/doprava-1024x768.jpg 1024w, https:\/\/www.ballon.cz\/wp-content\/uploads\/2024\/01\/doprava-300x225.jpg 300w, https:\/\/www.ballon.cz\/wp-content\/uploads\/2024\/01\/doprava-768x576.jpg 768w, https:\/\/www.ballon.cz\/wp-content\/uploads\/2024\/01\/doprava.jpg 1200w\" sizes=\"(max-width: 1024px) 100vw, 1024px\" \/><\/figure>\n\n\n\n<figure class=\"wp-block-image size-large\"><img loading=\"lazy\" decoding=\"async\" width=\"1024\" height=\"683\" data-id=\"1586\" src=\"https:\/\/www.ballon.cz\/wp-content\/uploads\/2024\/01\/mereni-VN-1024x683.jpg\" alt=\"\" class=\"wp-image-1586\" srcset=\"https:\/\/www.ballon.cz\/wp-content\/uploads\/2024\/01\/mereni-VN-1024x683.jpg 1024w, https:\/\/www.ballon.cz\/wp-content\/uploads\/2024\/01\/mereni-VN-300x200.jpg 300w, https:\/\/www.ballon.cz\/wp-content\/uploads\/2024\/01\/mereni-VN-768x512.jpg 768w, https:\/\/www.ballon.cz\/wp-content\/uploads\/2024\/01\/mereni-VN.jpg 1200w\" sizes=\"(max-width: 1024px) 100vw, 1024px\" \/><\/figure>\n\n\n\n<figure class=\"wp-block-image size-large\"><img loading=\"lazy\" decoding=\"async\" width=\"1024\" height=\"768\" data-id=\"1587\" src=\"https:\/\/www.ballon.cz\/wp-content\/uploads\/2024\/01\/mobilni-vysokonapetovy-rezonancni-zdroj-1024x768.jpg\" alt=\"\" class=\"wp-image-1587\" srcset=\"https:\/\/www.ballon.cz\/wp-content\/uploads\/2024\/01\/mobilni-vysokonapetovy-rezonancni-zdroj-1024x768.jpg 1024w, https:\/\/www.ballon.cz\/wp-content\/uploads\/2024\/01\/mobilni-vysokonapetovy-rezonancni-zdroj-300x225.jpg 300w, https:\/\/www.ballon.cz\/wp-content\/uploads\/2024\/01\/mobilni-vysokonapetovy-rezonancni-zdroj-768x576.jpg 768w, https:\/\/www.ballon.cz\/wp-content\/uploads\/2024\/01\/mobilni-vysokonapetovy-rezonancni-zdroj.jpg 1200w\" sizes=\"(max-width: 1024px) 100vw, 1024px\" \/><\/figure>\n\n\n\n<figure class=\"wp-block-image size-large\"><img loading=\"lazy\" decoding=\"async\" width=\"1024\" height=\"768\" data-id=\"1582\" src=\"https:\/\/www.ballon.cz\/wp-content\/uploads\/2024\/01\/prejimka-vysokonapetoveho-zdroje-1024x768.jpg\" alt=\"\" class=\"wp-image-1582\" srcset=\"https:\/\/www.ballon.cz\/wp-content\/uploads\/2024\/01\/prejimka-vysokonapetoveho-zdroje-1024x768.jpg 1024w, https:\/\/www.ballon.cz\/wp-content\/uploads\/2024\/01\/prejimka-vysokonapetoveho-zdroje-300x225.jpg 300w, https:\/\/www.ballon.cz\/wp-content\/uploads\/2024\/01\/prejimka-vysokonapetoveho-zdroje-768x576.jpg 768w, https:\/\/www.ballon.cz\/wp-content\/uploads\/2024\/01\/prejimka-vysokonapetoveho-zdroje.jpg 1200w\" sizes=\"(max-width: 1024px) 100vw, 1024px\" \/><\/figure>\n\n\n\n<figure class=\"wp-block-image size-large\"><img loading=\"lazy\" decoding=\"async\" width=\"1024\" height=\"768\" data-id=\"1580\" src=\"https:\/\/www.ballon.cz\/wp-content\/uploads\/2024\/01\/prejimka-1024x768.jpg\" alt=\"\" class=\"wp-image-1580\" srcset=\"https:\/\/www.ballon.cz\/wp-content\/uploads\/2024\/01\/prejimka-1024x768.jpg 1024w, https:\/\/www.ballon.cz\/wp-content\/uploads\/2024\/01\/prejimka-300x225.jpg 300w, https:\/\/www.ballon.cz\/wp-content\/uploads\/2024\/01\/prejimka-768x576.jpg 768w, https:\/\/www.ballon.cz\/wp-content\/uploads\/2024\/01\/prejimka.jpg 1200w\" sizes=\"(max-width: 1024px) 100vw, 1024px\" \/><\/figure>\n\n\n\n<figure class=\"wp-block-image size-large\"><img loading=\"lazy\" decoding=\"async\" width=\"1024\" height=\"768\" data-id=\"1575\" src=\"https:\/\/www.ballon.cz\/wp-content\/uploads\/2024\/01\/preprava-VPI-1024x768.jpg\" alt=\"\" class=\"wp-image-1575\" srcset=\"https:\/\/www.ballon.cz\/wp-content\/uploads\/2024\/01\/preprava-VPI-1024x768.jpg 1024w, https:\/\/www.ballon.cz\/wp-content\/uploads\/2024\/01\/preprava-VPI-300x225.jpg 300w, https:\/\/www.ballon.cz\/wp-content\/uploads\/2024\/01\/preprava-VPI-768x576.jpg 768w, https:\/\/www.ballon.cz\/wp-content\/uploads\/2024\/01\/preprava-VPI.jpg 1200w\" sizes=\"(max-width: 1024px) 100vw, 1024px\" \/><\/figure>\n\n\n\n<figure class=\"wp-block-image size-large\"><img loading=\"lazy\" decoding=\"async\" width=\"768\" height=\"1024\" data-id=\"1579\" src=\"https:\/\/www.ballon.cz\/wp-content\/uploads\/2024\/01\/preprava-768x1024.jpg\" alt=\"\" class=\"wp-image-1579\" srcset=\"https:\/\/www.ballon.cz\/wp-content\/uploads\/2024\/01\/preprava-768x1024.jpg 768w, https:\/\/www.ballon.cz\/wp-content\/uploads\/2024\/01\/preprava-225x300.jpg 225w, https:\/\/www.ballon.cz\/wp-content\/uploads\/2024\/01\/preprava.jpg 900w\" sizes=\"(max-width: 768px) 100vw, 768px\" \/><\/figure>\n\n\n\n<figure class=\"wp-block-image size-large\"><img loading=\"lazy\" decoding=\"async\" width=\"1024\" height=\"768\" data-id=\"1581\" src=\"https:\/\/www.ballon.cz\/wp-content\/uploads\/2024\/01\/Vakuova-impregnace-1024x768.jpg\" alt=\"\" class=\"wp-image-1581\" srcset=\"https:\/\/www.ballon.cz\/wp-content\/uploads\/2024\/01\/Vakuova-impregnace-1024x768.jpg 1024w, https:\/\/www.ballon.cz\/wp-content\/uploads\/2024\/01\/Vakuova-impregnace-300x225.jpg 300w, https:\/\/www.ballon.cz\/wp-content\/uploads\/2024\/01\/Vakuova-impregnace-768x576.jpg 768w, https:\/\/www.ballon.cz\/wp-content\/uploads\/2024\/01\/Vakuova-impregnace.jpg 1200w\" sizes=\"(max-width: 1024px) 100vw, 1024px\" \/><\/figure>\n\n\n\n<figure class=\"wp-block-image size-large\"><img loading=\"lazy\" decoding=\"async\" width=\"1024\" height=\"696\" data-id=\"1577\" src=\"https:\/\/www.ballon.cz\/wp-content\/uploads\/2024\/01\/vysokonapetovy-resonancni-zdroj-1024x696.jpg\" alt=\"\" class=\"wp-image-1577\" srcset=\"https:\/\/www.ballon.cz\/wp-content\/uploads\/2024\/01\/vysokonapetovy-resonancni-zdroj-1024x696.jpg 1024w, https:\/\/www.ballon.cz\/wp-content\/uploads\/2024\/01\/vysokonapetovy-resonancni-zdroj-300x204.jpg 300w, https:\/\/www.ballon.cz\/wp-content\/uploads\/2024\/01\/vysokonapetovy-resonancni-zdroj-768x522.jpg 768w, https:\/\/www.ballon.cz\/wp-content\/uploads\/2024\/01\/vysokonapetovy-resonancni-zdroj.jpg 1200w\" sizes=\"(max-width: 1024px) 100vw, 1024px\" \/><\/figure>\n\n\n\n<figure class=\"wp-block-image size-large\"><img loading=\"lazy\" decoding=\"async\" width=\"768\" height=\"1024\" data-id=\"1578\" src=\"https:\/\/www.ballon.cz\/wp-content\/uploads\/2024\/01\/vysokonapetovy-zdroj-768x1024.jpg\" alt=\"\" class=\"wp-image-1578\" srcset=\"https:\/\/www.ballon.cz\/wp-content\/uploads\/2024\/01\/vysokonapetovy-zdroj-768x1024.jpg 768w, https:\/\/www.ballon.cz\/wp-content\/uploads\/2024\/01\/vysokonapetovy-zdroj-225x300.jpg 225w, https:\/\/www.ballon.cz\/wp-content\/uploads\/2024\/01\/vysokonapetovy-zdroj.jpg 900w\" sizes=\"(max-width: 768px) 100vw, 768px\" \/><\/figure>\n<\/figure>\n\n\n\n<div style=\"height:74px\" aria-hidden=\"true\" class=\"wp-block-spacer\"><\/div>\n\n\n\n<h2 class=\"wp-block-heading has-text-align-center\">Kontakt<\/h2>\n\n\n\n<div style=\"height:25px\" aria-hidden=\"true\" class=\"wp-block-spacer\"><\/div>\n\n\n\n<div class=\"wp-block-columns is-layout-flex wp-container-core-columns-is-layout-1 wp-block-columns-is-layout-flex\">\n<div class=\"wp-block-column is-layout-flow wp-block-column-is-layout-flow\">\n<h5 class=\"wp-block-heading\">BALLON INSTRUMENT s.r.o.<\/h5>\n\n\n\n<p>Josefsk\u00e1 612\/15, Brno-m\u011bsto<br>602 00 Brno<br>Czech Republic<\/p>\n\n\n\n<p>I\u010c 26804191<br>DI\u010c CZ26804191<\/p>\n\n\n\n<p><a href=\"https:\/\/www.ballon.cz\/index.php\/gdpr\/\" data-type=\"page\" data-id=\"1614\">GDPR<\/a><\/p>\n<\/div>\n\n\n\n<div class=\"wp-block-column is-layout-flow wp-block-column-is-layout-flow\">\n<h5 class=\"wp-block-heading\">Eduard Balon\u2028<\/h5>\n\n\n\n<p><a href=\"mailto:ballon@ballon.cz\" target=\"_blank\" rel=\"noreferrer noopener\">ballon@ballon.cz<\/a><\/p>\n\n\n\n<p>+420 777 848 401<\/p>\n<\/div>\n\n\n\n<div class=\"wp-block-column is-layout-flow wp-block-column-is-layout-flow\">\n<h5 class=\"wp-block-heading\">V\u00e1clav Balon<\/h5>\n\n\n\n<p><a href=\"mailto:ballon@ballon.cz\" target=\"_blank\" rel=\"noreferrer noopener\">ballon@ballon.cz<\/a><\/p>\n\n\n\n<p>+420 777 848 402<\/p>\n<\/div>\n<\/div>\n","protected":false},"excerpt":{"rendered":"<p>Produkty a slu\u017eby Vysokonap\u011b\u0165ov\u00e9 (rezonan\u010dn\u00ed) zdroje Vakuotlakov\u00e9 impregnace M\u011b\u0159en\u00ed \u010d\u00e1ste\u010dn\u00fdch v\u00fdboj\u016f R\u00e1zov\u00e9 gener\u00e1tory DC a LFH oh\u0159evy vinut\u00ed Na na\u0161em trhu jsme certifikovan\u00ed z\u00e1stupci firmy Phenix Technologies. Galerie Kontakt BALLON &#8230;<\/p>\n","protected":false},"author":1,"featured_media":0,"parent":0,"menu_order":0,"comment_status":"closed","ping_status":"closed","template":"","meta":{"footnotes":""},"class_list":["post-1529","page","type-page","status-publish","hentry"],"_links":{"self":[{"href":"https:\/\/www.ballon.cz\/index.php\/wp-json\/wp\/v2\/pages\/1529"}],"collection":[{"href":"https:\/\/www.ballon.cz\/index.php\/wp-json\/wp\/v2\/pages"}],"about":[{"href":"https:\/\/www.ballon.cz\/index.php\/wp-json\/wp\/v2\/types\/page"}],"author":[{"embeddable":true,"href":"https:\/\/www.ballon.cz\/index.php\/wp-json\/wp\/v2\/users\/1"}],"replies":[{"embeddable":true,"href":"https:\/\/www.ballon.cz\/index.php\/wp-json\/wp\/v2\/comments?post=1529"}],"version-history":[{"count":23,"href":"https:\/\/www.ballon.cz\/index.php\/wp-json\/wp\/v2\/pages\/1529\/revisions"}],"predecessor-version":[{"id":1619,"href":"https:\/\/www.ballon.cz\/index.php\/wp-json\/wp\/v2\/pages\/1529\/revisions\/1619"}],"wp:attachment":[{"href":"https:\/\/www.ballon.cz\/index.php\/wp-json\/wp\/v2\/media?parent=1529"}],"curies":[{"name":"wp","href":"https:\/\/api.w.org\/{rel}","templated":true}]}}