{"id":1614,"date":"2024-07-18T14:28:38","date_gmt":"2024-07-18T13:28:38","guid":{"rendered":"https:\/\/www.ballon.cz\/?page_id=1614"},"modified":"2024-07-18T14:30:18","modified_gmt":"2024-07-18T13:30:18","slug":"gdpr","status":"publish","type":"page","link":"https:\/\/www.ballon.cz\/index.php\/gdpr\/","title":{"rendered":"GDPR"},"content":{"rendered":"\n<p class=\"has-black-color has-text-color has-link-color wp-elements-f0e633ea0cb982dc289f601b2c325214\"><strong>Z\u00e1sady pou\u017e\u00edv\u00e1n\u00ed soubor\u016f cookies<\/strong><\/p>\n\n\n\n<p><strong>Co jsou to soubory cookies?<\/strong><\/p>\n\n\n\n<ol class=\"wp-block-list\">\n<li>Soubory cookies jsou kr\u00e1tk\u00e9 textov\u00e9 soubory, kter\u00e9 internetov\u00e1 str\u00e1nka ode\u0161le do Va\u0161eho prohl\u00ed\u017ee\u010de. Umo\u017e\u0148uje internetov\u00e9 str\u00e1nce zaznamenat informace o Va\u0161\u00ed n\u00e1v\u0161t\u011bv\u011b, nap\u0159\u00edklad zvolen\u00fd jazyk a podobn\u011b. N\u00e1sleduj\u00edc\u00ed n\u00e1v\u0161t\u011bva str\u00e1nek tak pro V\u00e1s m\u016f\u017ee b\u00fdt snaz\u0161\u00ed a p\u0159\u00edjemn\u011bj\u0161\u00ed. Soubory cookies jsou d\u016fle\u017eit\u00e9, nebo\u0165 bez nich by proch\u00e1zen\u00ed s\u00edt\u011b Internet bylo mnohem slo\u017eit\u011bj\u0161\u00ed. Soubory cookies umo\u017e\u0148uj\u00ed lep\u0161\u00ed vyu\u017eit\u00ed na\u0161\u00ed internetov\u00e9 str\u00e1nky a p\u0159izp\u016fsoben\u00ed jej\u00edho obsahu Va\u0161im pot\u0159eb\u00e1m. Soubory cookies pou\u017e\u00edv\u00e1 t\u00e9m\u011b\u0159 ka\u017ed\u00e1 internetov\u00e1 str\u00e1nka na sv\u011bt\u011b. Soubory cookies jsou u\u017eite\u010dn\u00e9, proto\u017ee zvy\u0161uj\u00ed u\u017eivatelskou p\u0159\u00edv\u011btivost opakovan\u011b nav\u0161t\u00edven\u00e9 internetov\u00e9 str\u00e1nky.<\/li>\n<\/ol>\n\n\n\n<p>&nbsp;&nbsp;&nbsp;&nbsp;&nbsp;&nbsp;&nbsp;&nbsp;&nbsp;&nbsp;&nbsp; Na z\u00e1klad\u011b t\u011bchto soubor\u016f v\u00e1s webov\u00e1 str\u00e1nka m\u016f\u017ee rozpoznat:<\/p>\n\n\n\n<ol style=\"list-style-type:lower-alpha\" class=\"wp-block-list\">\n<li>pomoc\u00ed tzv. \u201erela\u010dn\u00edho cookies\u201c &#8211; b\u011bhem va\u0161\u00ed n\u00e1v\u0161t\u011bvy webu. Tyto tzv. do\u010dasn\u00e9 cookies, kter\u00e9 se po zav\u0159en\u00ed prohl\u00ed\u017ee\u010de automaticky odstran\u00ed. Prohl\u00ed\u017ee\u010d m\u016f\u017eete nastavit tak, aby v\u00e1s informoval o pou\u017e\u00edv\u00e1n\u00ed soubor\u016f cookies. To v\u00e1m zajist\u00ed transparentnost pou\u017e\u00edv\u00e1n\u00ed cookies. D\u016fle\u017eit\u00e9: pokud zcela vylou\u010d\u00edte pou\u017e\u00edv\u00e1n\u00ed soubor\u016f cookies, pravd\u011bpodobn\u011b nebudete moci pou\u017e\u00edvat ur\u010dit\u00e9 funkcionality na\u0161\u00ed Internetov\u00e9 str\u00e1nky.<\/li>\n\n\n\n<li>pomoc\u00ed tzv. \u201etrval\u00e9 cookies\u201c &#8211; pro opakovan\u00e9 n\u00e1v\u0161t\u011bvy webu. Tyto trval\u00e9 cookies mohou b\u00fdt kontrolov\u00e1ny p\u0159i ka\u017ed\u00e9 n\u00e1v\u0161t\u011bv\u011b Internetov\u00e9 str\u00e1nky. Informace, kter\u00e9 shroma\u017e\u010fujeme prost\u0159ednictv\u00edm Internetov\u00e9 str\u00e1nky, zahrnuj\u00ed: typ prohl\u00ed\u017ee\u010de, internetovou adresu, ze kter\u00e9 se p\u0159ipojil na Internetovou str\u00e1nku, opera\u010dn\u00ed syst\u00e9m za\u0159\u00edzen\u00ed, IP adresa za\u0159\u00edzen\u00ed. Pro zobrazov\u00e1n\u00ed relevantn\u011bj\u0161\u00edch reklam jsou n\u011bkter\u00e9 cookies stanoveny reklamn\u00edm syst\u00e9mem t\u0159et\u00edch stran, jako je Google Analytics. Toto lze vypnout v \u00fa\u010dtu Google. Po\u010d\u00edta\u010d lze nastavit tak, aby cookies odm\u00edtal, i kdy\u017e v takov\u00e9m p\u0159\u00edpad\u011b je mo\u017en\u00e9, \u017ee n\u011bkter\u00e9 funkce str\u00e1nky nebudou funk\u010dn\u00ed.<\/li>\n\n\n\n<li>Tzv. \u201ena\u0161e cookies\u201c jsou takov\u00e9 soubory cookies, kter\u00e9 byly um\u00edst\u011bny na tuto webovou str\u00e1nku na\u0161\u00ed spole\u010dnost\u00ed.<\/li>\n\n\n\n<li>Tzv. \u201ecookies t\u0159et\u00edch stran\u201c jsou takov\u00e9 soubory cookies, kter\u00e9 jsou um\u00edst\u011bny do va\u0161eho za\u0159\u00edzen\u00ed jinou spole\u010dnost\u00ed p\u0159i pou\u017eit\u00ed na\u0161ich webov\u00fdch str\u00e1nek. Soubory cookies t\u0159et\u00edch stran m\u016f\u017ee do va\u0161eho za\u0159\u00edzen\u00ed umis\u0165ovat n\u011bkdo, kdo n\u00e1m poskytuje ur\u010ditou slu\u017ebu (nap\u0159\u00edklad Google Analytics).<\/li>\n\n\n\n<li>T\u0159et\u00ed strany nemaj\u00ed p\u0159\u00edstup k dat\u016fm v na\u0161ich souborech cookies a tak\u00e9 my nem\u016f\u017eeme z\u00edskat p\u0159\u00edstup ke cookies t\u0159et\u00edch stran.<\/li>\n<\/ol>\n\n\n\n<p><strong>Jak\u00e9 soubory cookies pou\u017e\u00edv\u00e1me a za jak\u00fdm \u00fa\u010delem?<\/strong><\/p>\n\n\n\n<p>Na webov\u00e9 adrese <a href=\"https:\/\/www.agtzlin.cz\/\">https:\/\/www.ballon.cz\/<\/a> &nbsp;pou\u017e\u00edv\u00e1me soubory cookies slou\u017e\u00edc\u00ed k&nbsp;m\u011b\u0159en\u00ed n\u00e1v\u0161t\u011bvnosti webov\u00fdch str\u00e1nek a zaji\u0161t\u011bn\u00ed fungov\u00e1n\u00ed webu.<\/p>\n\n\n\n<p>Pou\u017e\u00edv\u00e1me tedy tyto soubory cookies:<\/p>\n\n\n\n<ul class=\"wp-block-list\">\n<li><em>cookies nezbytn\u00e9 pro fungov\u00e1n\u00ed na\u0161eho webu a v\u00fdkonnostn\u00ed cookies \u2013 tyto cookies n\u00e1m umo\u017e\u0148uj\u00ed, aby web spr\u00e1vn\u011b fungoval a nesb\u00edraj\u00ed o V\u00e1s zpravidla \u017e\u00e1dn\u00e9 osobn\u00ed \u00fadaje, p\u0159\u00edpadn\u011b jsou tyto \u00fadaje anonymizov\u00e1ny. Pou\u017e\u00edv\u00e1me je na z\u00e1klad\u011b na\u0161eho opr\u00e1vn\u011bn\u00e9ho z\u00e1jmu. Pou\u017e\u00edv\u00e1n\u00ed t\u011bchto cookies m\u016f\u017eete v&nbsp;nastaven\u00ed sv\u00e9ho webov\u00e9ho prohl\u00ed\u017ee\u010de odm\u00edtnout. V&nbsp;tomto p\u0159\u00edpad\u011b v\u0161ak upozor\u0148ujeme, \u017ee n\u011bkter\u00e9 funkce na\u0161eho webu nemusej\u00ed b\u00fdt pln\u011b funk\u010dn\u00ed.<\/em><\/li>\n\n\n\n<li><em>c\u00edlen\u00e9, reklamn\u00ed a funk\u010dn\u00ed cookies (cookies t\u0159et\u00edch stran) \u2013 tyto cookies slou\u017e\u00ed k&nbsp;personalizaci obsahu webu a zobrazov\u00e1n\u00ed reklamy, kter\u00e1 je pro V\u00e1s relevantn\u00ed. Pomoc\u00ed t\u011bchto cookies doch\u00e1z\u00ed k&nbsp;z\u00edsk\u00e1v\u00e1n\u00ed osobn\u00edch \u00fadaj\u016f a n\u00e1\u0161 web je pou\u017e\u00edv\u00e1 pouze pokud jste k&nbsp;jejich sb\u011bru ud\u011blili sv\u016fj p\u0159edchoz\u00ed souhlas nastaven\u00edm sv\u00e9ho prohl\u00ed\u017ee\u010de.<\/em><\/li>\n<\/ul>\n\n\n\n<p>Tyto cookies mohou b\u00fdt nastaveny prost\u0159ednictv\u00edm na\u0161ich str\u00e1nek i na\u0161imi reklamn\u00edmi partnery, kte\u0159\u00ed je mohou pou\u017e\u00edt k profilov\u00e1n\u00ed va\u0161ich z\u00e1jm\u016f ak zobrazen\u00ed relevantn\u00edch reklam i na jin\u00fdch str\u00e1nk\u00e1ch, ve smyslu z\u00e1sad pou\u017e\u00edv\u00e1n\u00ed soubor\u016f cookies dostupn\u00fdch na str\u00e1nk\u00e1ch t\u011bchto partner\u016f zobrazen\u00fdch v pokro\u010dil\u00e9m nastaven\u00ed ukl\u00e1d\u00e1n\u00ed soubor\u016f cookies.<\/p>\n\n\n\n<p>Tyto z\u00e1kladn\u00ed z\u00e1sady pou\u017e\u00edv\u00e1n\u00ed cookies v\u00e1m d\u00e1vaj\u00ed informace o konkr\u00e9tn\u00edch cookies pou\u017e\u00edvan\u00fdch na t\u011bchto webov\u00fdch str\u00e1nk\u00e1ch.<\/p>\n\n\n\n<p><strong>NASTAVEN\u00cd COOKIES<\/strong><\/p>\n\n\n\n<p><em>Jak nastavit prohl\u00ed\u017ee\u010d, abyste zabr\u00e1nili pou\u017e\u00edv\u00e1n\u00ed cookies?<\/em><\/p>\n\n\n\n<ol class=\"wp-block-list\">\n<li>P\u0159i prvn\u00ed n\u00e1v\u0161t\u011bv\u011b na\u0161ich webov\u00fdch str\u00e1nek se do va\u0161eho za\u0159\u00edzen\u00ed ukl\u00e1daj\u00ed pouze naprosto nezbytn\u00e9 soubory cookies. Pokud nep\u0159ijmete\/nepovol\u00edte v\u0161echny soubory cookies nebo nevyberete va\u0161e individu\u00e1ln\u00ed preference pro soubory cookies, toto nastaven\u00ed se nezm\u011bn\u00ed. Podrobnosti o tom, jak kontrolovat a mazat soubory cookies, naleznete v&nbsp;\u010dl\u00e1nku Kontrola a maz\u00e1n\u00ed cookies.<\/li>\n\n\n\n<li>N\u011bkter\u00e9 soubory cookies, kter\u00e9 pou\u017e\u00edv\u00e1me, jsou nezbytn\u00e9 pro to, aby na\u0161e webov\u00e9 str\u00e1nky fungovaly. Nap\u0159\u00edklad kdy\u017e poprv\u00e9 nav\u0161t\u00edv\u00edte na\u0161e webov\u00e9 str\u00e1nky, objev\u00ed se v\u00e1m vyskakovac\u00ed okno se zpr\u00e1vou upozor\u0148uj\u00edc\u00ed na na\u0161e pou\u017e\u00edv\u00e1n\u00ed cookies.<\/li>\n\n\n\n<li>Klepnut\u00edm na p\u0159\u00edslu\u0161n\u00e9 tla\u010d\u00edtko ve vyskakovac\u00edm okn\u011b souhlas\u00edte s na\u0161\u00edm pou\u017e\u00edv\u00e1n\u00edm nezbytn\u00fdch cookies zp\u016fsobem popsan\u00fdm v t\u011bchto z\u00e1kladn\u00edch z\u00e1sad\u00e1ch pou\u017e\u00edv\u00e1n\u00ed cookies. Ve vztahu ke v\u0161em ostatn\u00edm typ\u016fm cookies, kter\u00e9 pou\u017e\u00edv\u00e1me, uv\u00e1d\u00edme, \u017ee tyto ve va\u0161em za\u0159\u00edzen\u00ed nebudou nastaveny, pokud ned\u00e1te souhlas s jejich pou\u017eit\u00edm.<\/li>\n\n\n\n<li>V p\u0159\u00edpad\u011b, \u017ee poskytnete sv\u016fj souhlas s cookies, z\u00e1rove\u0148 poskytnete n\u00e1m i p\u0159\u00edslu\u0161n\u00fdm t\u0159et\u00edm stran\u00e1m souhlas, aby p\u0159edm\u011btn\u00e9 cookies pou\u017e\u00edvaly va\u0161e osobn\u00ed \u00fadaje takov\u00fdm zp\u016fsobem, jak je uvedeno v na\u0161ich podm\u00ednk\u00e1ch pou\u017e\u00edv\u00e1n\u00ed, a my nastav\u00edme nebo p\u0159e\u010dteme pouze relevantn\u00ed soubory cookies v dob\u011b uveden\u00e9 v tabulce, ke kter\u00e9 se dostanete kliknut\u00edm na p\u0159\u00edslu\u0161n\u00fd odkaz ve vyskakovac\u00edm okn\u011b.<\/li>\n\n\n\n<li>Abyste vypnuli p\u0159\u00edslu\u0161n\u00e9 soubory cookies, kter\u00e9 se pou\u017e\u00edvaj\u00ed na z\u00e1klad\u011b souhlasu, m\u016f\u017eete kdykoli odvolat sv\u016fj souhlas s pou\u017e\u00edv\u00e1n\u00edm cookies. Uskute\u010d\u0148uje se to pomoc\u00ed ikony cookies v p\u0159\u00edslu\u0161n\u00e9 \u010d\u00e1sti na\u0161ich str\u00e1nek. Dovolujeme si v\u00e1s upozornit, \u017ee soubory cookies mohou na va\u0161em za\u0159\u00edzen\u00ed z\u016fstat i pot\u00e9, co se rozhodnete je nepou\u017e\u00edvat. Dal\u0161\u00ed informace o tom, jak tyto soubory odstranit z va\u0161eho za\u0159\u00edzen\u00ed, naleznete v textu n\u00ed\u017ee nebo v z\u00e1lo\u017ece n\u00e1pov\u011bdy\/n\u00e1pov\u011bdy va\u0161eho prohl\u00ed\u017ee\u010de.<\/li>\n\n\n\n<li>S odvol\u00e1n\u00edm va\u0161eho souhlasu s pou\u017e\u00edv\u00e1n\u00edm voliteln\u00fdch cookies je spojeno i odvol\u00e1n\u00ed souhlasu k pou\u017eit\u00ed osobn\u00edch \u00fadaj\u016f, kter\u00e9 shroma\u017e\u010fujeme pomoc\u00ed t\u011bchto cookies. Dal\u0161\u00ed podrobnosti naleznete v na\u0161ich podm\u00ednk\u00e1ch pou\u017e\u00edv\u00e1n\u00ed.<\/li>\n<\/ol>\n\n\n\n<p><strong>NAKL\u00c1D\u00c1N\u00cd S&nbsp;INFORMACEMI<\/strong><\/p>\n\n\n\n<ol class=\"wp-block-list\">\n<li>Pro p\u0159\u00edpad smluvn\u00edho d\u016fvodu pro nezbytn\u00e9 soubory cookies m\u016f\u017eeme va\u0161e osobn\u00ed \u00fadaje pou\u017e\u00edvat k pln\u011bn\u00ed na\u0161ich smluvn\u00edch povinnost\u00ed ve smyslu na\u0161ich podm\u00ednek pou\u017e\u00edv\u00e1n\u00ed.<\/li>\n\n\n\n<li>Pro p\u0159\u00edpad z\u00e1konn\u00e9ho d\u016fvodu pro nezbytn\u00e9 soubory cookies m\u016f\u017eeme va\u0161e osobn\u00ed \u00fadaje pou\u017e\u00edvat k pln\u011bn\u00ed na\u0161ich z\u00e1konn\u00fdch povinnost\u00ed, a to zejm\u00e9na v p\u0159\u00edpadech, kdy od n\u00e1s z\u00e1kon vy\u017eaduje rozpoznat p\u0159edvolby cookies (nap\u0159\u00edklad zjistit, kdy\u017e jste v prohl\u00ed\u017ee\u010di vypnuli v\u0161echny cookies).<\/li>\n\n\n\n<li>Pro p\u0159\u00edpad opr\u00e1vn\u011bn\u00e9ho z\u00e1jmu pro nezbytn\u00e9 soubory cookies, m\u016f\u017eeme v r\u00e1mci na\u0161eho opr\u00e1vn\u011bn\u00e9ho z\u00e1jmu pou\u017e\u00edvat va\u0161e osobn\u00ed \u00fadaje k provozov\u00e1n\u00ed webov\u00fdch str\u00e1nek v p\u0159\u00edpadech, kdy neexistuje z\u00e1konn\u00fd d\u016fvod pro jejich zpracov\u00e1n\u00ed \u2013 viz v\u00fd\u0161e.<\/li>\n\n\n\n<li>Pro p\u0159\u00edpad, \u017ee jste n\u00e1m poskytli sv\u016fj souhlas s v\u00fdkonnostn\u00edmi soubory cookies, s funk\u010dn\u00edmi soubory cookies nebo s marketingov\u00fdmi soubory cookies, m\u016f\u017eeme va\u0161e osobn\u00ed \u00fadaje pou\u017e\u00edt a zpracovat na:<\/li>\n\n\n\n<li>n\u00e1hled a anal\u00fdzu provedenou za \u00fa\u010delem informov\u00e1n\u00ed o na\u0161ich marketingov\u00fdch strategi\u00edch a ke zlep\u0161en\u00ed va\u0161\u00ed n\u00e1v\u0161t\u011bvnosti;<\/li>\n\n\n\n<li>identifikaci a zaznamen\u00e1n\u00ed, kdy jste otev\u0159eli webov\u00e9 str\u00e1nky;<\/li>\n\n\n\n<li>zaznamen\u00e1n\u00ed, kdy se zapojili do elektronick\u00e9 komunikace;<\/li>\n\n\n\n<li>hodnocen\u00ed a zlep\u0161ov\u00e1n\u00ed na\u0161ich slu\u017eeb tak, aby va\u0161e n\u00e1v\u0161t\u011bva a pou\u017e\u00edv\u00e1n\u00ed webov\u00e9 str\u00e1nky byly u\u017eite\u010dn\u011bj\u0161\u00ed;<\/li>\n\n\n\n<li>zhodnocen\u00ed pou\u017eit\u00ed webu, abychom v\u00e1m mohli poskytnout roz\u0161\u00ed\u0159en\u00e9 slu\u017eby;<\/li>\n\n\n\n<li>kontrolu kvality, v\u00fdkonu webov\u00fdch str\u00e1nek a spr\u00e1vu syst\u00e9mu;<\/li>\n\n\n\n<li>sledov\u00e1n\u00ed va\u0161eho prohl\u00ed\u017ee\u010de na jin\u00fdch webech a vytv\u00e1\u0159en\u00ed profilu va\u0161ich z\u00e1jm\u016f, aby se v\u00e1m zobrazovaly relevantn\u00ed reklamy na jin\u00fdch webov\u00fdch str\u00e1nk\u00e1ch;<\/li>\n\n\n\n<li>\u00fa\u010dely zabezpe\u010den\u00ed, jako je nap\u0159\u00edklad prevence nebo odhalen\u00ed podvodn\u00e9 \u010dinnosti.<\/li>\n<\/ol>\n\n\n\n<p><strong>KONTROLA A MAZ\u00c1N\u00cd COOKIES<\/strong><\/p>\n\n\n\n<p>K vypnut\u00ed nebo odhl\u00e1\u0161en\u00ed p\u0159\u00edslu\u0161n\u00fdch soubor\u016f cookies slou\u017e\u00ed ikony cookies v rohu va\u0161eho za\u0159\u00edzen\u00ed, kde m\u016f\u017eete kdykoli zm\u011bnit nastaven\u00ed cookies. Pro funk\u010dnost nastaven\u00ed bude z\u0159ejm\u011b nutn\u00e9 aktualizovat str\u00e1nku. Po tomto vypnut\u00ed nebo odhl\u00e1\u0161en\u00ed ji\u017e nebudou na\u0161e webov\u00e9 str\u00e1nky k t\u011bmto soubor\u016fm cookies p\u0159istupovat ani je \u010d\u00edst.<\/p>\n\n\n\n<p>V za\u0159\u00edzen\u00ed mohou z\u016fstat i nad\u00e1le ulo\u017eeny r\u016fzn\u00e9 soubory, skripty, k\u00f3dy p\u0159\u00edpadn\u011b dal\u0161\u00ed informace t\u00fdkaj\u00edc\u00ed se soubor\u016f cookies. Tyto m\u016f\u017eete odstranit vymaz\u00e1n\u00edm soubor\u016f cookies a mezipam\u011bti prohl\u00ed\u017ee\u010de pomoc\u00ed nastaven\u00ed webov\u00e9ho prohl\u00ed\u017ee\u010de<\/p>\n\n\n\n<p>Jak\u00e1koli zm\u011bna nastaven\u00ed va\u0161eho webov\u00e9ho prohl\u00ed\u017ee\u010de se vztahuje pouze na tento konkr\u00e9tn\u00ed webov\u00fd prohl\u00ed\u017ee\u010d. Pokud v za\u0159\u00edzen\u00ed pou\u017e\u00edv\u00e1te v\u00edce ne\u017e jeden webov\u00fd prohl\u00ed\u017ee\u010d, mus\u00edte zm\u011bnit nastaven\u00ed zvl\u00e1\u0161\u0165 pro ka\u017ed\u00fd prohl\u00ed\u017ee\u010d a ka\u017ed\u00e9 za\u0159\u00edzen\u00ed.<\/p>\n\n\n\n<p>Dal\u0161\u00ed informace t\u00fdkaj\u00edc\u00ed se soubor\u016f cookies mohou b\u00fdt k dispozici v r\u00e1mci funkce \u201epomocn\u00edk\u201c prohl\u00ed\u017ee\u010de nebo opera\u010dn\u00edho syst\u00e9mu nebo v n\u00e1vodu k obsluze va\u0161eho za\u0159\u00edzen\u00ed.<\/p>\n\n\n\n<p>Pro odhl\u00e1\u0161en\u00ed ze sledov\u00e1n\u00ed Google Analytics na v\u0161ech webov\u00fdch str\u00e1nk\u00e1ch, nav\u0161tivte str\u00e1nku <a href=\"http:\/\/tools.google.com\/dlpage\/gaoptout\">http:\/\/tools.google.com\/dlpage\/gaoptout<\/a>.<\/p>\n\n\n\n<p>Webov\u00e1 str\u00e1nka http:\/\/www.allaboutcookies.org\/, poskytuje komplexn\u00ed informace o \u00faprav\u011b nastaven\u00ed cookies v cel\u00e9 \u0159ad\u011b prohl\u00ed\u017ee\u010d\u016f. Dovolujeme si v\u00e1s upozornit, \u017ee jeliko\u017e nejsme ani vlastn\u00edky ani provozovateli tohoto webu, neneseme odpov\u011bdnost za jeho obsah.<\/p>\n\n\n\n<p>Dovolujeme si v\u00e1s upozornit, \u017ee v p\u0159\u00edpad\u011b, \u017ee pomoc\u00ed nastaven\u00ed webov\u00e9ho prohl\u00ed\u017ee\u010de zak\u00e1\u017eete nezbytn\u00e9 soubory cookies (nebo v\u0161echny soubory cookies), nebude fungovat jedna nebo v\u00edce z\u00e1kladn\u00edch funkc\u00ed t\u011bchto webov\u00fdch str\u00e1nek v\u010detn\u011b t\u011bch, kter\u00e9 maj\u00ed zajistit bezpe\u010dnou n\u00e1v\u0161t\u011bvu spr\u00e1vn\u011b nebo v\u016fbec.<\/p>\n\n\n\n<p>Dovolujeme si v\u00e1s upozornit, \u017ee v p\u0159\u00edpad\u011b, \u017ee odm\u00edtnete nebo odvol\u00e1te souhlas s pou\u017eit\u00edm jak\u00fdchkoli ne nezbytn\u00fdch cookies nebo souvisej\u00edc\u00edch osobn\u00edch \u00fadaj\u016f, nemus\u00ed odpov\u00eddaj\u00edc\u00ed funkce nebo funkce t\u011bchto webov\u00fdch str\u00e1nek fungovat spr\u00e1vn\u011b nebo v\u016fbec. Pou\u017eit\u00ed z\u00e1kladn\u00edch funkc\u00ed a funk\u010dnost webov\u00fdch str\u00e1nek t\u00edmto nebude dot\u010deno.<\/p>\n\n\n\n<p><em>Soubory cookies m\u016f\u017eete ve sv\u00e9m za\u0159\u00edzen\u00ed smazat a rovn\u011b\u017e nastavit pravidla pro jejich ukl\u00e1d\u00e1n\u00ed ve sv\u00e9m prohl\u00ed\u017ee\u010di. Jak to ud\u011blat se m\u016f\u017eete do\u010d\u00edst v&nbsp;odkazech n\u00ed\u017ee, nebo v&nbsp;dal\u0161\u00edch dokumentech Va\u0161ich internetov\u00fdch prohl\u00ed\u017ee\u010d\u016f:<\/em><\/p>\n\n\n\n<p><em>Chrome: <\/em><a href=\"https:\/\/support.google.com\/accounts\/answer\/61416?hl=cs\"><em>https:\/\/support.google.com\/accounts\/answer\/61416?hl=cs<\/em><\/a><\/p>\n\n\n\n<p><em>Firefox: <\/em><a href=\"https:\/\/support.mozilla.org\/cs\/kb\/cookies-informace-ktere-si-weby-ukladaji-do-vaseho\"><em>https:\/\/support.mozilla.org\/cs\/kb\/cookies-informace-ktere-si-weby-ukladaji-do-vaseho<\/em><\/a><\/p>\n\n\n\n<p><em>Internet Explorer: <\/em><a href=\"https:\/\/support.microsoft.com\/cs-cz\/help\/17442\/windows-internet-explorer-delete-manage-cookies\"><em>https:\/\/support.microsoft.com\/cs-cz\/help\/17442\/windows-internet-explorer-delete-manage-cookies<\/em><\/a><\/p>\n\n\n\n<p><em>Android: <\/em><a href=\"https:\/\/support.google.com\/chrome\/answer\/2392709?visit_id=1-636270856459123937-2696746637&amp;rd=1&amp;co=GENIE.Platform%3DAndroid&amp;oco=1\"><em>https:\/\/support.google.com\/chrome\/answer\/2392709?visit_id=1-636270856459123937-2696746637&amp;rd=1&amp;co=GENIE.Platform%3DAndroid&amp;oco=1<\/em><\/a><\/p>\n\n\n\n<p><em>Iphone a Ipad: <\/em><a href=\"https:\/\/support.google.com\/accounts\/answer\/61416?hl=cs&amp;co=GENIE.Platform%3DiOS&amp;oco=1\"><em>https:\/\/support.google.com\/accounts\/answer\/61416?hl=cs&amp;co=GENIE.Platform%3DiOS&amp;oco=1<\/em><\/a><\/p>\n\n\n\n<p><strong>SLEDOV\u00c1N\u00cd EMAIL\u016e<\/strong><\/p>\n\n\n\n<p>1. N\u011bkter\u00e9 na\u0161\u00ed spole\u010dnost\u00ed zas\u00edlan\u00e9 e-maily mohou obsahovat tzv. e-maily. pixelov\u00fd \u0161t\u00edtek, webov\u00fd maj\u00e1k, pr\u016fhledn\u00fd obr\u00e1zek nebo sledovan\u00e9 odkazy, kter\u00e9 n\u00e1m umo\u017e\u0148uj\u00ed zjistit, kdy jste otev\u0159eli e-mail, a ov\u011b\u0159it, kter\u00e9 odkazy uveden\u00e9 v e-mailu jste nav\u0161t\u00edvili. D\u00edky t\u011bmto informac\u00edm um\u00edme zjistit, kter\u00e9 \u010d\u00e1sti na\u0161ich e-mail\u016f jsou nejv\u00edce zaj\u00edmav\u00e9.<\/p>\n\n\n\n<p>2. Odstran\u011bn\u00edm e-mailu m\u016f\u017eete tak\u00e9 odstranit pixelov\u00fd \u0161t\u00edtek. V p\u0159\u00edpad\u011b, \u017ee si nep\u0159ejete st\u00e1hnout pixel do sv\u00e9ho po\u010d\u00edta\u010de nebo jin\u00e9ho za\u0159\u00edzen\u00ed, m\u016f\u017eete to zajistit v\u00fdb\u011brem slu\u017eby dost\u00e1vat e-maily ve form\u00e1tu jednoduch\u00e9ho textu, nebo neotev\u00edr\u00e1n\u00edm obr\u00e1zk\u016f v e-mailu.<\/p>\n\n\n\n<p>3. Pro odhl\u00e1\u0161en\u00ed z na\u0161eho mailing listu m\u016f\u017eete pou\u017e\u00edt na\u0161i kontaktn\u00ed emailovou adresu uvedenou v podm\u00ednk\u00e1ch pou\u017e\u00edv\u00e1n\u00ed.<\/p>\n\n\n\n<p><strong>ZM\u011aNY A KONTAKT<\/strong><\/p>\n\n\n\n<p>1. Kdykoli m\u016f\u017ee doj\u00edt ke zm\u011bn\u011b t\u011bchto z\u00e1kladn\u00edch z\u00e1sad pou\u017e\u00edv\u00e1n\u00ed cookies ze strany na\u0161\u00ed spole\u010dnosti, a to zasl\u00e1n\u00edm e-mailu s pozm\u011bn\u011bn\u00fdmi ustanoven\u00edmi nebo jejich zve\u0159ejn\u011bn\u00edm na na\u0161ich webov\u00fdch str\u00e1nk\u00e1ch.<\/p>\n\n\n\n<p>2. Jak\u00e9koliv zm\u011bny vstoup\u00ed v platnost 7 dn\u00ed po datu odesl\u00e1n\u00ed e-mailu podle p\u0159edchoz\u00edho bodu nebo po datu zve\u0159ejn\u011bn\u00ed upraven\u00fdch ustanoven\u00ed na webov\u00fdch str\u00e1nk\u00e1ch, podle toho, kter\u00e1 skute\u010dnost nastane d\u0159\u00edve.<\/p>\n\n\n\n<p>3. M\u00e1te-li jak\u00e9koli dotazy nebo pot\u0159ebujete dal\u0161\u00ed informace o souborech cookies nebo zpracov\u00e1n\u00ed osobn\u00edch \u00fadaj\u016f, kontaktujte n\u00e1s za pomoci kontaktn\u00edch \u00fadaj\u016f uveden\u00fdch v na\u0161ich podm\u00ednk\u00e1ch pou\u017e\u00edv\u00e1n\u00ed.<\/p>\n\n\n\n<p><em>Text na web<\/em><\/p>\n\n\n\n<p>N\u00e1\u0161 web vyu\u017e\u00edv\u00e1 soubory cookies pot\u0159ebn\u00e9 pro jeho fungov\u00e1n\u00ed a analytiku. Tak\u00e9 pou\u017e\u00edv\u00e1me c\u00edlen\u00e9 a reklamn\u00ed cookies, k&nbsp;\u010demu\u017e ud\u011blujete souhlas prost\u0159ednictv\u00edm nastaven\u00ed sv\u00e9ho prohl\u00ed\u017ee\u010de.<\/p>\n\n\n\n<p><a href=\"https:\/\/www.ballon.cz\/index.php\/zasady-cookies-eu\/\">https:\/\/www.ballon.cz\/index.php\/zasady-cookies-eu\/<\/a> \u2013 odkaz na str\u00e1nku s&nbsp;informacemi o Cookies (dokument s&nbsp;n\u00e1zvem Cookies)<\/p>\n\n\n\n<p>[Beru na v\u011bdom\u00ed]<\/p>\n\n\n\n<p>*vy\u017elucen\u00fd text v&nbsp;hranat\u00fdch z\u00e1vork\u00e1ch je link\/tla\u010d\u00edtko<\/p>\n","protected":false},"excerpt":{"rendered":"<p>Z\u00e1sady pou\u017e\u00edv\u00e1n\u00ed soubor\u016f cookies Co jsou to soubory cookies? &nbsp;&nbsp;&nbsp;&nbsp;&nbsp;&nbsp;&nbsp;&nbsp;&nbsp;&nbsp;&nbsp; Na z\u00e1klad\u011b t\u011bchto soubor\u016f v\u00e1s webov\u00e1 str\u00e1nka m\u016f\u017ee rozpoznat: Jak\u00e9 soubory cookies pou\u017e\u00edv\u00e1me a za jak\u00fdm \u00fa\u010delem? Na webov\u00e9 adrese &#8230;<\/p>\n","protected":false},"author":1,"featured_media":0,"parent":0,"menu_order":0,"comment_status":"closed","ping_status":"closed","template":"","meta":{"footnotes":""},"class_list":["post-1614","page","type-page","status-publish","hentry"],"_links":{"self":[{"href":"https:\/\/www.ballon.cz\/index.php\/wp-json\/wp\/v2\/pages\/1614"}],"collection":[{"href":"https:\/\/www.ballon.cz\/index.php\/wp-json\/wp\/v2\/pages"}],"about":[{"href":"https:\/\/www.ballon.cz\/index.php\/wp-json\/wp\/v2\/types\/page"}],"author":[{"embeddable":true,"href":"https:\/\/www.ballon.cz\/index.php\/wp-json\/wp\/v2\/users\/1"}],"replies":[{"embeddable":true,"href":"https:\/\/www.ballon.cz\/index.php\/wp-json\/wp\/v2\/comments?post=1614"}],"version-history":[{"count":2,"href":"https:\/\/www.ballon.cz\/index.php\/wp-json\/wp\/v2\/pages\/1614\/revisions"}],"predecessor-version":[{"id":1617,"href":"https:\/\/www.ballon.cz\/index.php\/wp-json\/wp\/v2\/pages\/1614\/revisions\/1617"}],"wp:attachment":[{"href":"https:\/\/www.ballon.cz\/index.php\/wp-json\/wp\/v2\/media?parent=1614"}],"curies":[{"name":"wp","href":"https:\/\/api.w.org\/{rel}","templated":true}]}}